{"id":18909,"date":"2023-06-03T06:26:09","date_gmt":"2023-06-03T04:26:09","guid":{"rendered":"http:\/\/etra.dfb.digital\/?page_id=18909"},"modified":"2023-06-03T06:26:09","modified_gmt":"2023-06-03T04:26:09","slug":"conditions-generales-dutilisation-2","status":"publish","type":"page","link":"https:\/\/etraelec.com\/?page_id=18909","title":{"rendered":"Conditions G\u00e9n\u00e9rales d&#8217;utilisation"},"content":{"rendered":"\t\t<div data-elementor-type=\"wp-page\" data-elementor-id=\"18909\" class=\"elementor elementor-18909\" data-elementor-post-type=\"page\">\n\t\t\t\t\t\t<section class=\"elementor-section elementor-top-section elementor-element elementor-element-2b3d346 elementor-section-height-full elementor-section-full_width elementor-section-items-stretch elementor-section-height-default\" data-id=\"2b3d346\" data-element_type=\"section\" data-settings=\"{&quot;background_background&quot;:&quot;classic&quot;}\">\n\t\t\t\t\t\t\t<div class=\"elementor-background-overlay\"><\/div>\n\t\t\t\t\t\t\t<div class=\"elementor-container elementor-column-gap-default\">\n\t\t\t\t\t<div class=\"elementor-column elementor-col-100 elementor-top-column elementor-element elementor-element-99ec629\" data-id=\"99ec629\" data-element_type=\"column\">\n\t\t\t<div class=\"elementor-widget-wrap elementor-element-populated\">\n\t\t\t\t\t\t<section class=\"elementor-section elementor-inner-section elementor-element elementor-element-57652ac elementor-section-height-full elementor-section-boxed elementor-section-height-default\" data-id=\"57652ac\" data-element_type=\"section\">\n\t\t\t\t\t\t<div class=\"elementor-container elementor-column-gap-default\">\n\t\t\t\t\t<div class=\"elementor-column elementor-col-50 elementor-inner-column elementor-element elementor-element-c82d29f\" data-id=\"c82d29f\" data-element_type=\"column\">\n\t\t\t<div class=\"elementor-widget-wrap elementor-element-populated\">\n\t\t\t\t\t\t\t<\/div>\n\t\t<\/div>\n\t\t\t\t<div class=\"elementor-column elementor-col-50 elementor-inner-column elementor-element elementor-element-ac1f627\" data-id=\"ac1f627\" data-element_type=\"column\">\n\t\t\t<div class=\"elementor-widget-wrap elementor-element-populated\">\n\t\t\t\t\t\t<div class=\"elementor-element elementor-element-da6d5bf elementor-widget elementor-widget-template\" data-id=\"da6d5bf\" data-element_type=\"widget\" data-widget_type=\"template.default\">\n\t\t\t\t<div class=\"elementor-widget-container\">\n\t\t\t\t\t\t\t<div class=\"elementor-template\">\n\t\t\t\t\t<div data-elementor-type=\"section\" data-elementor-id=\"18965\" class=\"elementor elementor-18965\" data-elementor-post-type=\"elementor_library\">\n\t\t\t\t\t<section class=\"elementor-section elementor-top-section elementor-element elementor-element-2d97d030 elementor-section-boxed elementor-section-height-default elementor-section-height-default\" data-id=\"2d97d030\" data-element_type=\"section\" data-settings=\"{&quot;background_background&quot;:&quot;classic&quot;}\">\n\t\t\t\t\t\t\t<div class=\"elementor-background-overlay\"><\/div>\n\t\t\t\t\t\t\t<div class=\"elementor-container elementor-column-gap-default\">\n\t\t\t\t\t<div class=\"elementor-column elementor-col-100 elementor-top-column elementor-element elementor-element-7d9da403\" data-id=\"7d9da403\" data-element_type=\"column\">\n\t\t\t<div class=\"elementor-widget-wrap elementor-element-populated\">\n\t\t\t\t\t\t<div class=\"elementor-element elementor-element-140bf539 elementor-widget elementor-widget-spacer\" data-id=\"140bf539\" data-element_type=\"widget\" data-widget_type=\"spacer.default\">\n\t\t\t\t<div class=\"elementor-widget-container\">\n\t\t\t\t\t\t\t<div class=\"elementor-spacer\">\n\t\t\t<div class=\"elementor-spacer-inner\"><\/div>\n\t\t<\/div>\n\t\t\t\t\t\t<\/div>\n\t\t\t\t<\/div>\n\t\t\t\t<section class=\"elementor-section elementor-inner-section elementor-element elementor-element-464dba53 elementor-section-boxed elementor-section-height-default elementor-section-height-default\" data-id=\"464dba53\" data-element_type=\"section\">\n\t\t\t\t\t\t<div class=\"elementor-container elementor-column-gap-default\">\n\t\t\t\t\t<div class=\"elementor-column elementor-col-50 elementor-inner-column elementor-element elementor-element-67d96de6\" data-id=\"67d96de6\" data-element_type=\"column\">\n\t\t\t<div class=\"elementor-widget-wrap elementor-element-populated\">\n\t\t\t\t\t\t<div class=\"elementor-element elementor-element-dbf1fdb elementor-widget elementor-widget-text-editor\" data-id=\"dbf1fdb\" data-element_type=\"widget\" data-widget_type=\"text-editor.default\">\n\t\t\t\t<div class=\"elementor-widget-container\">\n\t\t\t\t\t\t\t\t\t<h5 style=\"color: #ffa72a;\"><b>Adresse<\/b><\/h5>\t\t\t\t\t\t\t\t<\/div>\n\t\t\t\t<\/div>\n\t\t\t\t<div class=\"elementor-element elementor-element-5dcb325e elementor-icon-list--layout-traditional elementor-list-item-link-full_width elementor-widget elementor-widget-icon-list\" data-id=\"5dcb325e\" data-element_type=\"widget\" data-widget_type=\"icon-list.default\">\n\t\t\t\t<div class=\"elementor-widget-container\">\n\t\t\t\t\t\t\t<ul class=\"elementor-icon-list-items\">\n\t\t\t\t\t\t\t<li class=\"elementor-icon-list-item\">\n\t\t\t\t\t\t\t\t\t\t\t<span class=\"elementor-icon-list-icon\">\n\t\t\t\t\t\t\t<i aria-hidden=\"true\" class=\"fas fa-building\"><\/i>\t\t\t\t\t\t<\/span>\n\t\t\t\t\t\t\t\t\t\t<span class=\"elementor-icon-list-text\">13 rue Jean Jacques Rousseau 91350 Grigny<\/span>\n\t\t\t\t\t\t\t\t\t<\/li>\n\t\t\t\t\t\t<\/ul>\n\t\t\t\t\t\t<\/div>\n\t\t\t\t<\/div>\n\t\t\t\t\t<\/div>\n\t\t<\/div>\n\t\t\t\t<div class=\"elementor-column elementor-col-50 elementor-inner-column elementor-element elementor-element-74339b5b\" data-id=\"74339b5b\" data-element_type=\"column\" data-settings=\"{&quot;background_background&quot;:&quot;classic&quot;}\">\n\t\t\t<div class=\"elementor-widget-wrap elementor-element-populated\">\n\t\t\t\t\t\t<div class=\"elementor-element elementor-element-61530827 elementor-widget elementor-widget-text-editor\" data-id=\"61530827\" data-element_type=\"widget\" data-widget_type=\"text-editor.default\">\n\t\t\t\t<div class=\"elementor-widget-container\">\n\t\t\t\t\t\t\t\t\t<h5><b>Nous joindre<\/b><\/h5>\t\t\t\t\t\t\t\t<\/div>\n\t\t\t\t<\/div>\n\t\t\t\t<div class=\"elementor-element elementor-element-24d12103 elementor-icon-list--layout-traditional elementor-list-item-link-full_width elementor-widget elementor-widget-icon-list\" data-id=\"24d12103\" data-element_type=\"widget\" data-widget_type=\"icon-list.default\">\n\t\t\t\t<div class=\"elementor-widget-container\">\n\t\t\t\t\t\t\t<ul class=\"elementor-icon-list-items\">\n\t\t\t\t\t\t\t<li class=\"elementor-icon-list-item\">\n\t\t\t\t\t\t\t\t\t\t\t<span class=\"elementor-icon-list-icon\">\n\t\t\t\t\t\t\t<i aria-hidden=\"true\" class=\"fas fa-phone-alt\"><\/i>\t\t\t\t\t\t<\/span>\n\t\t\t\t\t\t\t\t\t\t<span class=\"elementor-icon-list-text\">06 68 83 32 00<\/span>\n\t\t\t\t\t\t\t\t\t<\/li>\n\t\t\t\t\t\t\t\t<li class=\"elementor-icon-list-item\">\n\t\t\t\t\t\t\t\t\t\t\t<span class=\"elementor-icon-list-icon\">\n\t\t\t\t\t\t\t<i aria-hidden=\"true\" class=\"fas fa-envelope\"><\/i>\t\t\t\t\t\t<\/span>\n\t\t\t\t\t\t\t\t\t\t<span class=\"elementor-icon-list-text\">contact@etraelec.com<\/span>\n\t\t\t\t\t\t\t\t\t<\/li>\n\t\t\t\t\t\t<\/ul>\n\t\t\t\t\t\t<\/div>\n\t\t\t\t<\/div>\n\t\t\t\t\t<\/div>\n\t\t<\/div>\n\t\t\t\t\t<\/div>\n\t\t<\/section>\n\t\t\t\t<div class=\"elementor-element elementor-element-7481794a elementor-widget elementor-widget-spacer\" data-id=\"7481794a\" data-element_type=\"widget\" data-widget_type=\"spacer.default\">\n\t\t\t\t<div class=\"elementor-widget-container\">\n\t\t\t\t\t\t\t<div class=\"elementor-spacer\">\n\t\t\t<div class=\"elementor-spacer-inner\"><\/div>\n\t\t<\/div>\n\t\t\t\t\t\t<\/div>\n\t\t\t\t<\/div>\n\t\t\t\t<section class=\"elementor-section elementor-inner-section elementor-element elementor-element-6e3ef6a4 elementor-section-boxed elementor-section-height-default elementor-section-height-default\" data-id=\"6e3ef6a4\" data-element_type=\"section\">\n\t\t\t\t\t\t<div class=\"elementor-container elementor-column-gap-default\">\n\t\t\t\t\t<div class=\"elementor-column elementor-col-100 elementor-inner-column elementor-element elementor-element-61b3245f\" data-id=\"61b3245f\" data-element_type=\"column\" data-settings=\"{&quot;background_background&quot;:&quot;classic&quot;}\">\n\t\t\t<div class=\"elementor-widget-wrap elementor-element-populated\">\n\t\t\t\t\t\t<div class=\"elementor-element elementor-element-7ef79f5 elementor-widget elementor-widget-text-editor\" data-id=\"7ef79f5\" data-element_type=\"widget\" data-widget_type=\"text-editor.default\">\n\t\t\t\t<div class=\"elementor-widget-container\">\n\t\t\t\t\t\t\t\t\t<h5 style=\"color:#FFA72A;\"><b>Horaires<\/b><\/h5>\nLundi 9h-19h<br>\nMardi 9h-19h<br>\nMercredi 9h-19h<br>\nJeudi 9h-19h<br>\nVendredi 9h-19h<br>\nSamedi 9h-17h \u2013 Uniquement en RDV<br>\nDimanche Ferm\u00e9<br>\t\t\t\t\t\t\t\t<\/div>\n\t\t\t\t<\/div>\n\t\t\t\t\t<\/div>\n\t\t<\/div>\n\t\t\t\t\t<\/div>\n\t\t<\/section>\n\t\t\t\t<div class=\"elementor-element elementor-element-30c4e6b4 elementor-widget elementor-widget-spacer\" data-id=\"30c4e6b4\" data-element_type=\"widget\" data-widget_type=\"spacer.default\">\n\t\t\t\t<div class=\"elementor-widget-container\">\n\t\t\t\t\t\t\t<div class=\"elementor-spacer\">\n\t\t\t<div class=\"elementor-spacer-inner\"><\/div>\n\t\t<\/div>\n\t\t\t\t\t\t<\/div>\n\t\t\t\t<\/div>\n\t\t\t\t\t<\/div>\n\t\t<\/div>\n\t\t\t\t\t<\/div>\n\t\t<\/section>\n\t\t\t\t<\/div>\n\t\t\t\t<\/div>\n\t\t\t\t\t\t<\/div>\n\t\t\t\t<\/div>\n\t\t\t\t\t<\/div>\n\t\t<\/div>\n\t\t\t\t\t<\/div>\n\t\t<\/section>\n\t\t\t\t\t<\/div>\n\t\t<\/div>\n\t\t\t\t\t<\/div>\n\t\t<\/section>\n\t\t\t\t<section class=\"elementor-section elementor-top-section elementor-element elementor-element-118ee3c elementor-section-boxed elementor-section-height-default elementor-section-height-default\" data-id=\"118ee3c\" data-element_type=\"section\">\n\t\t\t\t\t\t<div class=\"elementor-container elementor-column-gap-default\">\n\t\t\t\t\t<div class=\"elementor-column elementor-col-100 elementor-top-column elementor-element elementor-element-79f676d\" data-id=\"79f676d\" data-element_type=\"column\">\n\t\t\t<div class=\"elementor-widget-wrap elementor-element-populated\">\n\t\t\t\t\t\t<section class=\"elementor-section elementor-inner-section elementor-element elementor-element-3dc91de elementor-section-boxed elementor-section-height-default elementor-section-height-default\" data-id=\"3dc91de\" data-element_type=\"section\">\n\t\t\t\t\t\t<div class=\"elementor-container elementor-column-gap-default\">\n\t\t\t\t\t<div class=\"elementor-column elementor-col-100 elementor-inner-column elementor-element elementor-element-6069b9a\" data-id=\"6069b9a\" data-element_type=\"column\">\n\t\t\t<div class=\"elementor-widget-wrap elementor-element-populated\">\n\t\t\t\t\t\t<div class=\"elementor-element elementor-element-e4ae784 elementor-widget elementor-widget-spacer\" data-id=\"e4ae784\" data-element_type=\"widget\" data-widget_type=\"spacer.default\">\n\t\t\t\t<div class=\"elementor-widget-container\">\n\t\t\t\t\t\t\t<div class=\"elementor-spacer\">\n\t\t\t<div class=\"elementor-spacer-inner\"><\/div>\n\t\t<\/div>\n\t\t\t\t\t\t<\/div>\n\t\t\t\t<\/div>\n\t\t\t\t\t<\/div>\n\t\t<\/div>\n\t\t\t\t\t<\/div>\n\t\t<\/section>\n\t\t\t\t<div class=\"elementor-element elementor-element-bff4416 elementor-widget elementor-widget-text-editor\" data-id=\"bff4416\" data-element_type=\"widget\" data-widget_type=\"text-editor.default\">\n\t\t\t\t<div class=\"elementor-widget-container\">\n\t\t\t\t\t\t\t\t\t<p>Le site www.etraelec.com, est \u00e9dit\u00e9 et g\u00e9r\u00e9 par la soci\u00e9t\u00e9 ETRAELEC SAS immatricul\u00e9e au RCS d\u2019\u00c9vry sous le num\u00e9ro 913 347 936 dont le si\u00e8ge social est situ\u00e9 au 13 rue Jean Jacques Rousseau 91350 Grigny<\/p>\n<h4>1. Champ d\u2019application et acceptation des Conditions G\u00e9n\u00e9rales<br>d\u2019Utilisation<\/h4>\n<p>Votre acc\u00e8s au Site et aux services propos\u00e9s par Etraelec.com, ainsi que leur utilisation sont r\u00e9gis par les pr\u00e9sentes Conditions G\u00e9n\u00e9rales d\u2019Utilisation.<br>Les pr\u00e9sentes Conditions d\u2019Utilisation sont r\u00e9dig\u00e9es en langue fran\u00e7aise. Toute utilisation du Site et des Services emporte de plein droit l\u2019application des pr\u00e9sentes Conditions d\u2019Utilisation. Vous serez r\u00e9put\u00e9 les avoir accept\u00e9es et \u00eatre li\u00e9 par elles.<\/p>\n<h4>2. Disponibilit\u00e9 du Site<\/h4>\n<p>L\u2019acc\u00e8s au Site et les Services sont fournis sur la base d\u2019un service \u00ab en l\u2019\u00e9tat \u00bb et accessible en fonction de sa disponibilit\u00e9.<br>Etraelec.com, se r\u00e9serve le droit de modifier, \u00e9diter, supprimer, suspendre ou interrompre, temporairement ou d\u00e9finitivement, Etraelec.com, et son contenu (ou toute portion de ce dernier) et ceci sans pr\u00e9avis, ind\u00e9pendamment des op\u00e9rations de maintenance programm\u00e9es.<\/p>\n<h4>3. Propri\u00e9t\u00e9 Intellectuelle<\/h4>\n<p>Il est indiqu\u00e9 que Etraelec.com, y compris sa structure g\u00e9n\u00e9rale, ses textes, son contenu, sa charte graphique ainsi que les marques, les logos, les cr\u00e9ations graphiques, anim\u00e9s ou non, les noms de domaines, les photographies, les sons et vid\u00e9os, les applications logicielles, et tous les autres \u00e9l\u00e9ments, qu\u2019ils soient visuels et\/ou sonores, figurant sur Etraelec.com, (\u00ab Contenu du Site \u00bb) sont prot\u00e9g\u00e9s par la l\u00e9gislation fran\u00e7aise relative \u00e0 la propri\u00e9t\u00e9 intellectuelle en vigueur, et en particulier par le droit d\u2019auteur, les dessins et mod\u00e8les et le droit des marques. Etraelec.com, est propri\u00e9taire et\/ou titulaire de l\u2019ensemble des droits y aff\u00e9rent.<\/p>\n<h4>4. Utilisation du Site<\/h4>\n<p>Le droit d\u2019acc\u00e8s et l\u2019utilisation du Site sont limit\u00e9s \u00e0 votre utilisation personnelle.<br>A ce titre et conform\u00e9ment \u00e0 la l\u00e9gislation applicable, seule utilisation du Contenu du Site pour un usage priv\u00e9 est autoris\u00e9e.<br>En cons\u00e9quence, toute reproduction, repr\u00e9sentation, modification et, de mani\u00e8re plus g\u00e9n\u00e9rale, tout exploitation, quelle qu\u2019elle soit, du Contenu du Site sans autorisation expresse et pr\u00e9alable de Etraelec.com, est strictement interdite.<br>Il est pr\u00e9cis\u00e9 que toute exploitation non autoris\u00e9e du Contenu du Site est constitutive d\u2019actes de contrefa\u00e7on de droits d\u2019auteur et\/ou droit des signes<br>distinctifs et engage votre responsabilit\u00e9.<\/p>\n<h4>5. Suspension de l\u2019acc\u00e8s au Site et\/ou aux Services<\/h4>\n<p>Etraelec.com se r\u00e9serve le droit de suspendre ou de r\u00e9silier votre acc\u00e8s au Site et aux Services si vous n\u2019utilisez pas le Site dans le respect des pr\u00e9sentes Conditions d\u2019Utilisation et si vous diffuser sur le Site tous contenus contraires \u00e0 la loi et\/ou \u00e0 l\u2019ordre public.<\/p>\n<h4>6. Exclusion de responsabilit\u00e9<\/h4>\n<p>Etraelec.com, s\u2019engage \u00e0 employer ses meilleurs efforts pour assurer l\u2019exploitation du Site dans les meilleures conditions.<br>En tout hypoth\u00e8se, Etraelec.com, exclue la responsabilit\u00e9 d\u00e9coulant ou relative \u00e0 l\u2019acc\u00e8s ou l\u2019utilisation de son Site dans pour toute perte ou tout dommage subis, en particulier, du fait d\u2019une indisponibilit\u00e9 ou d\u2019une d\u00e9faillance technique du Site, d\u2019une perte des donn\u00e9es, des pertes caus\u00e9es par une attaque pour d\u00e9nis de services, des virus ou tout autre mat\u00e9riel technologiquement nuisible et d\u2019une perte de recettes ou profit ou \u00e9conomies anticip\u00e9es.<\/p>\n<h4>7. Services<\/h4>\n<p>Sauf convention \u00e9crite expresse, les Services propos\u00e9s par ETRAELEC SAS sur son Site sont soumis aux Conditions Contractuelles de Etraelec.com.<\/p>\n<h4>8. Modification des Conditions d\u2019Utilisation<\/h4>\n<p>Etraelec.com, se r\u00e9serve le droit de modifier \u00e0 tout moment les pr\u00e9sentes Conditions d\u2019Utilisation. Toute nouvelle version des Conditions d\u2019Utilisation sera post\u00e9e sur cette page. Nous vous invitons \u00e0 consulter cette page lors de chaque visite en vue de prendre connaissance de la derni\u00e8re version en vigueur desdites Conditions. Vous serez r\u00e9put\u00e9 avoir accept\u00e9 la version modifi\u00e9e des Conditions d\u2019Utilisation lorsque vous utilisez le Site et les Services post\u00e9rieurement \u00e0 leur modification.<\/p>\n<p><\/p>\n<h4>9. Loi applicable et juridiction comp\u00e9tente<\/h4>\n<p>Les pr\u00e9sentes Conditions d\u2019Utilisation sont r\u00e9gies par la loi fran\u00e7aise. Les tribunaux de Paris auront la comp\u00e9tence exclusive pour r\u00e9gler tout litige relatif \u00e0 la validit\u00e9, l\u2019application, l\u2019interpr\u00e9tation ou qui serait en relation avec les pr\u00e9sentes Conditions d\u2019Utilisation.<\/p>\n<p><b>Version en vigueur au 1 janvier 2023<\/b><\/p>\t\t\t\t\t\t\t\t<\/div>\n\t\t\t\t<\/div>\n\t\t\t\t\t<\/div>\n\t\t<\/div>\n\t\t\t\t\t<\/div>\n\t\t<\/section>\n\t\t\t\t<\/div>\n\t\t","protected":false},"excerpt":{"rendered":"<p>Le site www.etraelec.com, est \u00e9dit\u00e9 et g\u00e9r\u00e9 par la soci\u00e9t\u00e9 ETRAELEC SAS immatricul\u00e9e au RCS d\u2019\u00c9vry sous le num\u00e9ro 913 347 936 dont le si\u00e8ge social est situ\u00e9 au 13 rue Jean Jacques Rousseau 91350 Grigny 1. Champ d\u2019application et acceptation des Conditions G\u00e9n\u00e9ralesd\u2019Utilisation Votre acc\u00e8s au Site et aux services propos\u00e9s par Etraelec.com, ainsi [&hellip;]<\/p>\n","protected":false},"author":1,"featured_media":0,"parent":0,"menu_order":0,"comment_status":"closed","ping_status":"closed","template":"elementor_header_footer","meta":{"_monsterinsights_skip_tracking":false,"_monsterinsights_sitenote_active":false,"_monsterinsights_sitenote_note":"","_monsterinsights_sitenote_category":0,"footnotes":""},"acf":[],"aioseo_notices":[],"_links":{"self":[{"href":"https:\/\/etraelec.com\/index.php?rest_route=\/wp\/v2\/pages\/18909"}],"collection":[{"href":"https:\/\/etraelec.com\/index.php?rest_route=\/wp\/v2\/pages"}],"about":[{"href":"https:\/\/etraelec.com\/index.php?rest_route=\/wp\/v2\/types\/page"}],"author":[{"embeddable":true,"href":"https:\/\/etraelec.com\/index.php?rest_route=\/wp\/v2\/users\/1"}],"replies":[{"embeddable":true,"href":"https:\/\/etraelec.com\/index.php?rest_route=%2Fwp%2Fv2%2Fcomments&post=18909"}],"version-history":[{"count":0,"href":"https:\/\/etraelec.com\/index.php?rest_route=\/wp\/v2\/pages\/18909\/revisions"}],"wp:attachment":[{"href":"https:\/\/etraelec.com\/index.php?rest_route=%2Fwp%2Fv2%2Fmedia&parent=18909"}],"curies":[{"name":"wp","href":"https:\/\/api.w.org\/{rel}","templated":true}]}}