{"id":18908,"date":"2023-06-03T06:26:16","date_gmt":"2023-06-03T04:26:16","guid":{"rendered":"http:\/\/etra.dfb.digital\/?page_id=18908"},"modified":"2023-06-03T06:26:16","modified_gmt":"2023-06-03T04:26:16","slug":"politiques-de-confidentialites-et-cookies","status":"publish","type":"page","link":"https:\/\/etraelec.com\/?page_id=18908","title":{"rendered":"Politiques de confidentialit\u00e9s et cookies"},"content":{"rendered":"\t\t<div data-elementor-type=\"wp-page\" data-elementor-id=\"18908\" class=\"elementor elementor-18908\" data-elementor-post-type=\"page\">\n\t\t\t\t\t\t<section class=\"elementor-section elementor-top-section elementor-element elementor-element-7bda1dd elementor-section-full_width elementor-section-height-full elementor-section-items-stretch elementor-section-height-default\" data-id=\"7bda1dd\" data-element_type=\"section\" data-settings=\"{&quot;background_background&quot;:&quot;classic&quot;}\">\n\t\t\t\t\t\t\t<div class=\"elementor-background-overlay\"><\/div>\n\t\t\t\t\t\t\t<div class=\"elementor-container elementor-column-gap-default\">\n\t\t\t\t\t<div class=\"elementor-column elementor-col-100 elementor-top-column elementor-element elementor-element-46fe8ae\" data-id=\"46fe8ae\" data-element_type=\"column\">\n\t\t\t<div class=\"elementor-widget-wrap elementor-element-populated\">\n\t\t\t\t\t\t<section class=\"elementor-section elementor-inner-section elementor-element elementor-element-c7f52c1 elementor-section-height-full elementor-section-boxed elementor-section-height-default\" data-id=\"c7f52c1\" data-element_type=\"section\">\n\t\t\t\t\t\t<div class=\"elementor-container elementor-column-gap-default\">\n\t\t\t\t\t<div class=\"elementor-column elementor-col-50 elementor-inner-column elementor-element elementor-element-f71cbe5\" data-id=\"f71cbe5\" data-element_type=\"column\">\n\t\t\t<div class=\"elementor-widget-wrap elementor-element-populated\">\n\t\t\t\t\t\t\t<\/div>\n\t\t<\/div>\n\t\t\t\t<div class=\"elementor-column elementor-col-50 elementor-inner-column elementor-element elementor-element-e5a620e\" data-id=\"e5a620e\" data-element_type=\"column\">\n\t\t\t<div class=\"elementor-widget-wrap elementor-element-populated\">\n\t\t\t\t\t\t<div class=\"elementor-element elementor-element-d85f475 elementor-widget elementor-widget-template\" data-id=\"d85f475\" data-element_type=\"widget\" data-widget_type=\"template.default\">\n\t\t\t\t<div class=\"elementor-widget-container\">\n\t\t\t\t\t\t\t<div class=\"elementor-template\">\n\t\t\t\t\t<div data-elementor-type=\"section\" data-elementor-id=\"18965\" class=\"elementor elementor-18965\" data-elementor-post-type=\"elementor_library\">\n\t\t\t\t\t<section class=\"elementor-section elementor-top-section elementor-element elementor-element-2d97d030 elementor-section-boxed elementor-section-height-default elementor-section-height-default\" data-id=\"2d97d030\" data-element_type=\"section\" data-settings=\"{&quot;background_background&quot;:&quot;classic&quot;}\">\n\t\t\t\t\t\t\t<div class=\"elementor-background-overlay\"><\/div>\n\t\t\t\t\t\t\t<div class=\"elementor-container elementor-column-gap-default\">\n\t\t\t\t\t<div class=\"elementor-column elementor-col-100 elementor-top-column elementor-element elementor-element-7d9da403\" data-id=\"7d9da403\" data-element_type=\"column\">\n\t\t\t<div class=\"elementor-widget-wrap elementor-element-populated\">\n\t\t\t\t\t\t<div class=\"elementor-element elementor-element-140bf539 elementor-widget elementor-widget-spacer\" data-id=\"140bf539\" data-element_type=\"widget\" data-widget_type=\"spacer.default\">\n\t\t\t\t<div class=\"elementor-widget-container\">\n\t\t\t\t\t\t\t<div class=\"elementor-spacer\">\n\t\t\t<div class=\"elementor-spacer-inner\"><\/div>\n\t\t<\/div>\n\t\t\t\t\t\t<\/div>\n\t\t\t\t<\/div>\n\t\t\t\t<section class=\"elementor-section elementor-inner-section elementor-element elementor-element-464dba53 elementor-section-boxed elementor-section-height-default elementor-section-height-default\" data-id=\"464dba53\" data-element_type=\"section\">\n\t\t\t\t\t\t<div class=\"elementor-container elementor-column-gap-default\">\n\t\t\t\t\t<div class=\"elementor-column elementor-col-50 elementor-inner-column elementor-element elementor-element-67d96de6\" data-id=\"67d96de6\" data-element_type=\"column\">\n\t\t\t<div class=\"elementor-widget-wrap elementor-element-populated\">\n\t\t\t\t\t\t<div class=\"elementor-element elementor-element-dbf1fdb elementor-widget elementor-widget-text-editor\" data-id=\"dbf1fdb\" data-element_type=\"widget\" data-widget_type=\"text-editor.default\">\n\t\t\t\t<div class=\"elementor-widget-container\">\n\t\t\t\t\t\t\t\t\t<h5 style=\"color: #ffa72a;\"><b>Adresse<\/b><\/h5>\t\t\t\t\t\t\t\t<\/div>\n\t\t\t\t<\/div>\n\t\t\t\t<div class=\"elementor-element elementor-element-5dcb325e elementor-icon-list--layout-traditional elementor-list-item-link-full_width elementor-widget elementor-widget-icon-list\" data-id=\"5dcb325e\" data-element_type=\"widget\" data-widget_type=\"icon-list.default\">\n\t\t\t\t<div class=\"elementor-widget-container\">\n\t\t\t\t\t\t\t<ul class=\"elementor-icon-list-items\">\n\t\t\t\t\t\t\t<li class=\"elementor-icon-list-item\">\n\t\t\t\t\t\t\t\t\t\t\t<span class=\"elementor-icon-list-icon\">\n\t\t\t\t\t\t\t<i aria-hidden=\"true\" class=\"fas fa-building\"><\/i>\t\t\t\t\t\t<\/span>\n\t\t\t\t\t\t\t\t\t\t<span class=\"elementor-icon-list-text\">13 rue Jean Jacques Rousseau 91350 Grigny<\/span>\n\t\t\t\t\t\t\t\t\t<\/li>\n\t\t\t\t\t\t<\/ul>\n\t\t\t\t\t\t<\/div>\n\t\t\t\t<\/div>\n\t\t\t\t\t<\/div>\n\t\t<\/div>\n\t\t\t\t<div class=\"elementor-column elementor-col-50 elementor-inner-column elementor-element elementor-element-74339b5b\" data-id=\"74339b5b\" data-element_type=\"column\" data-settings=\"{&quot;background_background&quot;:&quot;classic&quot;}\">\n\t\t\t<div class=\"elementor-widget-wrap elementor-element-populated\">\n\t\t\t\t\t\t<div class=\"elementor-element elementor-element-61530827 elementor-widget elementor-widget-text-editor\" data-id=\"61530827\" data-element_type=\"widget\" data-widget_type=\"text-editor.default\">\n\t\t\t\t<div class=\"elementor-widget-container\">\n\t\t\t\t\t\t\t\t\t<h5><b>Nous joindre<\/b><\/h5>\t\t\t\t\t\t\t\t<\/div>\n\t\t\t\t<\/div>\n\t\t\t\t<div class=\"elementor-element elementor-element-24d12103 elementor-icon-list--layout-traditional elementor-list-item-link-full_width elementor-widget elementor-widget-icon-list\" data-id=\"24d12103\" data-element_type=\"widget\" data-widget_type=\"icon-list.default\">\n\t\t\t\t<div class=\"elementor-widget-container\">\n\t\t\t\t\t\t\t<ul class=\"elementor-icon-list-items\">\n\t\t\t\t\t\t\t<li class=\"elementor-icon-list-item\">\n\t\t\t\t\t\t\t\t\t\t\t<span class=\"elementor-icon-list-icon\">\n\t\t\t\t\t\t\t<i aria-hidden=\"true\" class=\"fas fa-phone-alt\"><\/i>\t\t\t\t\t\t<\/span>\n\t\t\t\t\t\t\t\t\t\t<span class=\"elementor-icon-list-text\">06 68 83 32 00<\/span>\n\t\t\t\t\t\t\t\t\t<\/li>\n\t\t\t\t\t\t\t\t<li class=\"elementor-icon-list-item\">\n\t\t\t\t\t\t\t\t\t\t\t<span class=\"elementor-icon-list-icon\">\n\t\t\t\t\t\t\t<i aria-hidden=\"true\" class=\"fas fa-envelope\"><\/i>\t\t\t\t\t\t<\/span>\n\t\t\t\t\t\t\t\t\t\t<span class=\"elementor-icon-list-text\">contact@etraelec.com<\/span>\n\t\t\t\t\t\t\t\t\t<\/li>\n\t\t\t\t\t\t<\/ul>\n\t\t\t\t\t\t<\/div>\n\t\t\t\t<\/div>\n\t\t\t\t\t<\/div>\n\t\t<\/div>\n\t\t\t\t\t<\/div>\n\t\t<\/section>\n\t\t\t\t<div class=\"elementor-element elementor-element-7481794a elementor-widget elementor-widget-spacer\" data-id=\"7481794a\" data-element_type=\"widget\" data-widget_type=\"spacer.default\">\n\t\t\t\t<div class=\"elementor-widget-container\">\n\t\t\t\t\t\t\t<div class=\"elementor-spacer\">\n\t\t\t<div class=\"elementor-spacer-inner\"><\/div>\n\t\t<\/div>\n\t\t\t\t\t\t<\/div>\n\t\t\t\t<\/div>\n\t\t\t\t<section class=\"elementor-section elementor-inner-section elementor-element elementor-element-6e3ef6a4 elementor-section-boxed elementor-section-height-default elementor-section-height-default\" data-id=\"6e3ef6a4\" data-element_type=\"section\">\n\t\t\t\t\t\t<div class=\"elementor-container elementor-column-gap-default\">\n\t\t\t\t\t<div class=\"elementor-column elementor-col-100 elementor-inner-column elementor-element elementor-element-61b3245f\" data-id=\"61b3245f\" data-element_type=\"column\" data-settings=\"{&quot;background_background&quot;:&quot;classic&quot;}\">\n\t\t\t<div class=\"elementor-widget-wrap elementor-element-populated\">\n\t\t\t\t\t\t<div class=\"elementor-element elementor-element-7ef79f5 elementor-widget elementor-widget-text-editor\" data-id=\"7ef79f5\" data-element_type=\"widget\" data-widget_type=\"text-editor.default\">\n\t\t\t\t<div class=\"elementor-widget-container\">\n\t\t\t\t\t\t\t\t\t<h5 style=\"color:#FFA72A;\"><b>Horaires<\/b><\/h5>\nLundi 9h-19h<br>\nMardi 9h-19h<br>\nMercredi 9h-19h<br>\nJeudi 9h-19h<br>\nVendredi 9h-19h<br>\nSamedi 9h-17h \u2013 Uniquement en RDV<br>\nDimanche Ferm\u00e9<br>\t\t\t\t\t\t\t\t<\/div>\n\t\t\t\t<\/div>\n\t\t\t\t\t<\/div>\n\t\t<\/div>\n\t\t\t\t\t<\/div>\n\t\t<\/section>\n\t\t\t\t<div class=\"elementor-element elementor-element-30c4e6b4 elementor-widget elementor-widget-spacer\" data-id=\"30c4e6b4\" data-element_type=\"widget\" data-widget_type=\"spacer.default\">\n\t\t\t\t<div class=\"elementor-widget-container\">\n\t\t\t\t\t\t\t<div class=\"elementor-spacer\">\n\t\t\t<div class=\"elementor-spacer-inner\"><\/div>\n\t\t<\/div>\n\t\t\t\t\t\t<\/div>\n\t\t\t\t<\/div>\n\t\t\t\t\t<\/div>\n\t\t<\/div>\n\t\t\t\t\t<\/div>\n\t\t<\/section>\n\t\t\t\t<\/div>\n\t\t\t\t<\/div>\n\t\t\t\t\t\t<\/div>\n\t\t\t\t<\/div>\n\t\t\t\t\t<\/div>\n\t\t<\/div>\n\t\t\t\t\t<\/div>\n\t\t<\/section>\n\t\t\t\t\t<\/div>\n\t\t<\/div>\n\t\t\t\t\t<\/div>\n\t\t<\/section>\n\t\t\t\t<section class=\"elementor-section elementor-top-section elementor-element elementor-element-617b561 elementor-section-boxed elementor-section-height-default elementor-section-height-default\" data-id=\"617b561\" data-element_type=\"section\">\n\t\t\t\t\t\t<div class=\"elementor-container elementor-column-gap-default\">\n\t\t\t\t\t<div class=\"elementor-column elementor-col-100 elementor-top-column elementor-element elementor-element-ffe6cd6\" data-id=\"ffe6cd6\" data-element_type=\"column\">\n\t\t\t<div class=\"elementor-widget-wrap elementor-element-populated\">\n\t\t\t\t\t\t<div class=\"elementor-element elementor-element-f67791a elementor-widget elementor-widget-spacer\" data-id=\"f67791a\" data-element_type=\"widget\" data-widget_type=\"spacer.default\">\n\t\t\t\t<div class=\"elementor-widget-container\">\n\t\t\t\t\t\t\t<div class=\"elementor-spacer\">\n\t\t\t<div class=\"elementor-spacer-inner\"><\/div>\n\t\t<\/div>\n\t\t\t\t\t\t<\/div>\n\t\t\t\t<\/div>\n\t\t\t\t<div class=\"elementor-element elementor-element-5e472cd elementor-widget elementor-widget-text-editor\" data-id=\"5e472cd\" data-element_type=\"widget\" data-widget_type=\"text-editor.default\">\n\t\t\t\t<div class=\"elementor-widget-container\">\n\t\t\t\t\t\t\t\t\t<h4>Donn\u00e9es Personnelles etraelec.com<\/h4><p>La protection de vos donn\u00e9es personnelles constitue pour Etraelec.com un \u00e9l\u00e9ment capital et ainsi que votre s\u00e9curit\u00e9 lorsque vous parcourez nos pages Internet.<br \/>Vous trouverez ci-apr\u00e8s une description du type d\u2019informations que Etraelec.com recueille lors de votre visite sur Etraelec.com et comment celles-ci sont utilis\u00e9es.<\/p><p>\u00a0<\/p><h4>Donn\u00e9es personnelles<\/h4><p>Les donn\u00e9es personnelles constituent des informations sp\u00e9cifiques relatives aux<br \/>caract\u00e9ristiques personnelles ou factuelles d\u2019une personne physique d\u00e9termin\u00e9e ou d\u2019une personne physique qui peut \u00eatre d\u00e9termin\u00e9e. Cela inclut, notamment, votre nom, adresse, num\u00e9ro de t\u00e9l\u00e9phone et votre adresse email. Les informations qui ne peuvent pas \u00eatre directement associ\u00e9es \u00e0 votre v\u00e9ritable identit\u00e9 (par exemple, sites Web pr\u00e9f\u00e9r\u00e9s) ne sont pas consid\u00e9r\u00e9es comme des donn\u00e9es personnelles.<\/p><p>\u00a0<\/p><h4>Recueil et traitement des donn\u00e9es personnelles<\/h4><p>Etraelec.com s\u2019engage \u00e0 pr\u00e9server la vie priv\u00e9e des utilisateurs de Etraelec.com . Lorsque vous visitez Etraelec.com par mesure de s\u00e9curit\u00e9 nos serveurs Web effectuent toujours une sauvegarde temporaire des donn\u00e9es de connexion de l\u2019ordinateur qui acc\u00e8de \u00e0 notre site, d\u2019une liste des pages Web que vous parcourez sur notre site, de la date et de la dur\u00e9e de votre visite, des donn\u00e9es d\u2019identification du type de navigateur et de syst\u00e8me d\u2019exploitation utilis\u00e9, ainsi que du site Web qui vous a redirig\u00e9 vers notre site. Aucune autre information personnelle (nom, adresse, num\u00e9ro de t\u00e9l\u00e9phone ou adresse \u00e9lectronique) n\u2019est recueillie, \u00e0 moins que vous ne communiquiez ces informations volontairement (par ex., en remplissant le formulaire de contact en ligne dans le cadre d\u2019un contrat ou d\u2019une demande de renseignements). Etraelec.com garantit un droit d\u2019acc\u00e8s et de modification des donn\u00e9es personnelles conform\u00e9ment \u00e0 la l\u00e9gislation en vigueur.<\/p><p>\u00a0<\/p><h4>Utilisation et transfert des donn\u00e9es personnelles<\/h4><p>Nous utilisons les donn\u00e9es personnelles que vous nous communiquez exclusivement dans le cadre de l\u2019administration technique des pages Web et afin de r\u00e9pondre \u00e0 vos requ\u00eates. Il s\u2019agit essentiellement de remplir un contrat conclu avec vous ou de r\u00e9pondre \u00e0 votre requ\u00eate. En retour, elles nous permettent d\u2019am\u00e9liorer les services que nous vous offrons, de faciliter l\u2019utilisation de notre site Web et de personnaliser son contenu et ses services.<br \/>Ce n\u2019est qu\u2019avec votre accord pr\u00e9alable ou, si la r\u00e9glementation juridique le stipule, si vous n\u2019avez pas \u00e9mis d\u2019objection que nous utilisons \u00e9galement ces donn\u00e9es \u00e0 des fins commerciales.<br \/>Etraelec.com s\u2019engage \u00e0 ne pas partager, vendre, transf\u00e9rer ni diffuser autrement vos donn\u00e9es personnelles \u00e0 des tiers et ne le fera pas ult\u00e9rieurement, sauf obligation l\u00e9gale, obligation contractuelle ou consentement explicite de votre part.<\/p><p>\u00a0<\/p><h4>Utilisation du suivi Web<\/h4><p>Nous utilisons un logiciel de suivi pour d\u00e9terminer combien d\u2019utilisateurs ont visit\u00e9 notre site Web et \u00e0 quelle fr\u00e9quence. Nous n\u2019utilisons pas ce logiciel pour recueillir des donn\u00e9es personnelles ou des adresses IP individuelles. Les donn\u00e9es sont utilis\u00e9es exclusivement de fa\u00e7on anonyme et concise, \u00e0 des fins statistiques et de d\u00e9veloppement du site Web.<\/p><p>\u00a0<\/p><h4>Utilisation de cookies<\/h4><p>Les \u00ab cookies \u00bb sont de petits fichiers qui nous permettent de stocker des informations sp\u00e9cifiques \u00e0 l\u2019utilisateur, \u00e0 vous, et \u00e0 votre ordinateur, pendant que vous visitez Etraelec.com. Les cookies nous permettent de d\u00e9terminer la fr\u00e9quence \u00e0 laquelle nos pages Web sont parcourues et le nombre d\u2019utilisateurs. Par ailleurs, ils nous aident \u00e0 configurer nos offres afin d\u2019optimiser leur utilit\u00e9 et leur efficacit\u00e9.<br \/>D\u2019une part, nous utilisons des \u00ab cookies temporaires \u00bb. Ceux-ci sont stock\u00e9s exclusivement pour la dur\u00e9e de votre visite de l\u2019une de nos pages Internet. D\u2019autre part, nous utilisons des \u00ab cookies persistants \u00bb, qui conservent les informations relatives aux utilisateurs qui ont acc\u00e9d\u00e9 \u00e0 plusieurs reprises \u00e0 l\u2019une de nos pages Internet. L\u2019utilisation de cookies vise \u00e0 optimiser les conseils que nous vous offrons et \u00e0 vous identifier lors de votre visite ; nous sommes ainsi en mesure de varier autant que possible nos pages Internet et d\u2019en renouveler le contenu lors d\u2019un usage r\u00e9p\u00e9t\u00e9.<br \/>En r\u00e8gle g\u00e9n\u00e9rale, nous ne cr\u00e9ons pas de profil individuel de vos activit\u00e9s en ligne. Le contenu d\u2019un cookie persistant se restreint \u00e0 un num\u00e9ro d\u2019identification. Le nom, l\u2019adresse \u00e9lectronique, l\u2019adresse IP, etc. ne sont pas sauvegard\u00e9s sur Etraelec.com.<br \/>Il y a une exception \u00e0 cela, il s\u2019agit des Cookies Google Analytics :<br \/>Ces cookies utilisent votre adresse IP pour vous reconna\u00eetre, mais ne vous identifient pas individuellement. En d\u2019autres termes, les informations sont recueillies de fa\u00e7on anonyme. Les cookies recueillent des informations sur la fa\u00e7on dont les visiteurs utilisent nos sites locaux et s\u2019en servent pour cr\u00e9er des rapports et nous aider \u00e0 am\u00e9liorer ces sites.<br \/>Pour en savoir plus sur les cookies Google Analytics, consultez le Tableau de cookies ci-dessous.<br \/>Sinon, pour refuser le suivi Google Analytics sur tous les sites Web, rendez-vous sur :<br \/>Extension de refus du suivi Google Analytics<\/p><p>\u00a0<\/p><h4>Tableau de cookies<br \/>Cat\u00e9gories de cookies<\/h4><p>Les cookies cit\u00e9s ci-dessus ont \u00e9t\u00e9 class\u00e9s en 2 groupes ci-dessous. Veuillez noter que les cookies peuvent appartenir \u00e0 plus d\u2019une cat\u00e9gorie.<br \/>Les cat\u00e9gories sont les suivantes :<br \/>[1] Strictement n\u00e9cessaire : Ces cookies sont essentiels pour vous permettre de naviguer sur le site et d\u2019utiliser ses fonctionnalit\u00e9s. Sans ces cookies, nous ne pouvons pas vous fournir les services que vous demandez.<br \/>[2] Performance : Ces cookies collectent des informations sur la mani\u00e8re dont nos visiteurs utilisent le site, par exemple, les pages qu\u2019ils ouvrent le plus fr\u00e9quemment. Ces cookies ne collectent aucune information permettant d\u2019identifier le visiteur. Toutes les informations collect\u00e9es par ces cookies sont agr\u00e9g\u00e9es et, de ce fait, anonymes. Elles sont uniquement utilis\u00e9es \u00e0 des fins d\u2019am\u00e9lioration du site.<\/p><p>\u00a0<\/p><h4>Cookies tiers dans le contenu incorpor\u00e9<\/h4><p>Veuillez noter que certaines pages de notre site peuvent contenir des cookies non li\u00e9s \u00e0 Etraelec.com Lorsque vous acc\u00e9dez \u00e0 une page au contenu int\u00e9gr\u00e9 de, par exemple, YouTube ou Instagram, ces fournisseurs de service peuvent enregistrer leurs propres cookies dans votre navigateur Web. Etraelec.com ne contr\u00f4le pas l\u2019utilisation de ces cookies et, en raison de leur mode de fonctionnement, ne peut pas y acc\u00e9der. Les cookies sont uniquement accessibles par leur partie d\u2019origine. Consultez les sites tiers pour obtenir plus d\u2019informations sur ces cookies.<\/p><p>\u00a0<\/p><h4>Pixels invisibles<\/h4><p>Pour nous assurer que le contenu en ligne de Etraelec.com, reste pertinent, facile d\u2019utilisation et \u00e0 jour, nous utilisons des services d\u2019analytique Web tels que Google Analytics. Ils nous permettent de mieux comprendre la mani\u00e8re donc les internautes utilisent nos sites. Ces services utilisent des technologies de collecte de donn\u00e9es, dont les pixels invisibles. Les pixels invisibles sont de petites images \u00e9lectroniques qui contiennent les cookies, comptent le nombre de visites et analysent l\u2019utilisation et l\u2019efficacit\u00e9 du site. Ils nous permettent de reconna\u00eetre les contenus qui int\u00e9ressent nos visiteurs et nous aident \u00e0 fournir des informations adapt\u00e9es sur nos sites. Ces pixels invisibles sont anonymes et ne contiennent ni ne collectent d\u2019informations susceptibles de vous identifier.<br \/>Ces informations sont anonymes et exclusivement utilis\u00e9es \u00e0 des fins statistiques. Les donn\u00e9es d\u2019analytique Web et les cookies ne peuvent pas \u00eatre utilis\u00e9s pour vous identifier, dans la mesure o\u00f9 ils ne contiennent pas d\u2019informations personnelles telles que votre nom ou votre adresse e-mail.<\/p><p>\u00a0<\/p><h4>Comment g\u00e9rer les cookies<\/h4><p>Il est \u00e9galement possible de naviguer sur Etraelec.com, sans cookies. Dans votre navigateur, vous pouvez d\u00e9sactiver l\u2019enregistrement des cookies, les restreindre \u00e0 des sites Web particuliers, ou param\u00e9trer le navigateur afin de recevoir une notification \u00e0 l\u2019envoi de chaque cookie. Vous pouvez \u00e9galement supprimer les cookies du disque dur de votre ordinateur \u00e0 tout moment (fichier : cookies). Veuillez noter que dans ce cas, la pr\u00e9sentation des pages et les conseils utilisateurs seront restreints.<br \/>La majorit\u00e9 des navigateurs permettent de contr\u00f4ler la plupart des cookies.<br \/>Pour en savoir plus sur les cookies, par exemple comment voir quels cookies ont \u00e9t\u00e9 install\u00e9s et comment les g\u00e9rer et les supprimer, rendez-vous sur le site : All About Cookies.<br \/>Notre site est Responsive design. Cela veut dire qu\u2019il est accessible quel que soit l\u2019appareil de connexion utilis\u00e9 (ordinateur fixe, ordinateur portable, smartphones, tablettes).<br \/>Pour refuser le suivi Google Analytics sur Etraelec.com, rendez-vous sur:<br \/>Extension de refus du suivi Google Analytics<br \/>Certaines personnes visitant notre site Internet le font sans faire appel \u00e0 un navigateur Internet. Les utilisateurs peuvent, par exemple, acc\u00e9der \u00e0 Etraelec.com, moyennant un appareil mobile. Si c\u2019est le cas, il ne sera \u00e9ventuellement pas possible de d\u00e9sactiver les cookies ou d\u2019ajuster les param\u00e8tres du navigateur Internet.<\/p><p>\u00a0<\/p><h4>S\u00e9curit\u00e9<\/h4><p>Etraelec.com, prend toutes les mesures s\u00e9curitaires requises au niveau technique et<br \/>organisationnel pour pr\u00e9venir la perte ou l\u2019utilisation abusive de vos donn\u00e9es personnelles.<br \/>Par exemple, vos donn\u00e9es sont sauvegard\u00e9es dans un environnement d\u2019exploitation s\u00e9curis\u00e9 qui n\u2019est pas accessible au public. Dans certains cas, vos donn\u00e9es personnelles sont crypt\u00e9es par la technologie SSL (Secure Socket Layer) lors de leur transmission. Cela signifie qu\u2019une proc\u00e9dure de cryptage approuv\u00e9e est utilis\u00e9e pour toute communication entre votre ordinateur et les serveurs de Etraelec.com, si votre navigateur prend en charge SSL.<\/p><p>\u00a0<\/p><h4>Droit d\u2019acc\u00e8s \u00e0 l\u2019information<\/h4><p>Si vous souhaitez consulter, rectifier ou supprimer vos donn\u00e9es, conform\u00e9ment aux articles 38 et suivants de la loi \u00ab Informatique et Libert\u00e9s \u00bb, vous pouvez adresser votre demande, accompagn\u00e9e d\u2019un justificatif de votre identit\u00e9 \u00e0 l\u2019adresse \u00e9lectronique suivante :<br \/>contact@etraelec.com<\/p><p>\u00a0<\/p><h4>Modifications de la D\u00e9claration relative \u00e0 la protection des donn\u00e9es<\/h4><p>Notre D\u00e9claration relative \u00e0 la protection des donn\u00e9es fait l\u2019objet de mises \u00e0 jour r\u00e9guli\u00e8res. Etraelec.com, se r\u00e9serve le droit de modifier sa d\u00e9claration \u00e0 tout moment, avec ou sans pr\u00e9avis. Veuillez la consulter r\u00e9guli\u00e8rement pour rester inform\u00e9 de tout changement.<br \/>En utilisant Etraelec.com, vous acceptez cette d\u00e9claration de confidentialit\u00e9.<\/p><p><br \/><strong>Date de la derni\u00e8re mise \u00e0 jour : 31 mai 2023.<\/strong><\/p>\t\t\t\t\t\t\t\t<\/div>\n\t\t\t\t<\/div>\n\t\t\t\t\t<\/div>\n\t\t<\/div>\n\t\t\t\t\t<\/div>\n\t\t<\/section>\n\t\t\t\t<\/div>\n\t\t","protected":false},"excerpt":{"rendered":"<p>Donn\u00e9es Personnelles etraelec.com La protection de vos donn\u00e9es personnelles constitue pour Etraelec.com un \u00e9l\u00e9ment capital et ainsi que votre s\u00e9curit\u00e9 lorsque vous parcourez nos pages Internet.Vous trouverez ci-apr\u00e8s une description du type d\u2019informations que Etraelec.com recueille lors de votre visite sur Etraelec.com et comment celles-ci sont utilis\u00e9es. \u00a0 Donn\u00e9es personnelles Les donn\u00e9es personnelles constituent des [&hellip;]<\/p>\n","protected":false},"author":1,"featured_media":0,"parent":0,"menu_order":0,"comment_status":"closed","ping_status":"closed","template":"elementor_header_footer","meta":{"_monsterinsights_skip_tracking":false,"_monsterinsights_sitenote_active":false,"_monsterinsights_sitenote_note":"","_monsterinsights_sitenote_category":0,"footnotes":""},"acf":[],"aioseo_notices":[],"_links":{"self":[{"href":"https:\/\/etraelec.com\/index.php?rest_route=\/wp\/v2\/pages\/18908"}],"collection":[{"href":"https:\/\/etraelec.com\/index.php?rest_route=\/wp\/v2\/pages"}],"about":[{"href":"https:\/\/etraelec.com\/index.php?rest_route=\/wp\/v2\/types\/page"}],"author":[{"embeddable":true,"href":"https:\/\/etraelec.com\/index.php?rest_route=\/wp\/v2\/users\/1"}],"replies":[{"embeddable":true,"href":"https:\/\/etraelec.com\/index.php?rest_route=%2Fwp%2Fv2%2Fcomments&post=18908"}],"version-history":[{"count":0,"href":"https:\/\/etraelec.com\/index.php?rest_route=\/wp\/v2\/pages\/18908\/revisions"}],"wp:attachment":[{"href":"https:\/\/etraelec.com\/index.php?rest_route=%2Fwp%2Fv2%2Fmedia&parent=18908"}],"curies":[{"name":"wp","href":"https:\/\/api.w.org\/{rel}","templated":true}]}}